{"id":2,"date":"2017-11-11T18:11:51","date_gmt":"2017-11-11T16:11:51","guid":{"rendered":"http:\/\/www.porlamminpyry.fi\/pamaus\/?page_id=2"},"modified":"2025-05-21T17:56:09","modified_gmt":"2025-05-21T14:56:09","slug":"info","status":"publish","type":"page","link":"https:\/\/www.porlamminpyry.fi\/pamaus\/","title":{"rendered":"Tietoa salista"},"content":{"rendered":"<p>&nbsp;<\/p>\n<ul>\n<li>Kuntosalilta l\u00f6ytyy kattava valikoima laitteita kaiken tasoisille kuntoilijoille.<\/li>\n<li>Kaikille salin asiakkaille tarjotaan opastusta laitteiden k\u00e4ytt\u00f6\u00f6n.<\/li>\n<li>K\u00e4ynti kuntosalille tapahtuu jokaisen henkil\u00f6kohtaisella kulkukortilla.<\/li>\n<li>Kuntosalille voi ostaa k\u00e4yntikertoja tai kuukausikortteja t\u00e4m\u00e4n sivuston tilauslomakkeella, tekstiviestill\u00e4 tai soittamalla puh. 044 519 6698. Uusien asiakkaiden kanssa avaimen luovutus sovitaan aina tapauskohtaisesti. Vastaamme viestiisi viimeist\u00e4\u00e4n seuraavan arkip\u00e4iv\u00e4n aikana.<\/li>\n<li>Huomioithan, ett\u00e4 voit my\u00f6s maksaa: Smartum-liikuntaseteleill\u00e4 ja -verkkomaksulla sek\u00e4 Edenred -virikeseteleill\u00e4 ja -mobiilimaksulla.<a href=\"https:\/\/www.porlamminpyry.fi\/pamaus\/wp-content\/uploads\/2018\/09\/virikesmartum.png\"><img loading=\"lazy\" decoding=\"async\" class=\"alignnone size-medium wp-image-114\" src=\"https:\/\/www.porlamminpyry.fi\/pamaus\/wp-content\/uploads\/2018\/09\/virikesmartum-300x159.png\" alt=\"\" width=\"300\" height=\"159\" srcset=\"https:\/\/www.porlamminpyry.fi\/pamaus\/wp-content\/uploads\/2018\/09\/virikesmartum-300x159.png 300w, https:\/\/www.porlamminpyry.fi\/pamaus\/wp-content\/uploads\/2018\/09\/virikesmartum-768x406.png 768w, https:\/\/www.porlamminpyry.fi\/pamaus\/wp-content\/uploads\/2018\/09\/virikesmartum.png 987w\" sizes=\"auto, (max-width: 300px) 100vw, 300px\" \/><\/a><\/li>\n<li>Kuntosali sijaitsee Porlammin liikuntahallin aulatilassa osoitteessa Koulupolku 8.<\/li>\n<li>Sis\u00e4\u00e4nk\u00e4ynti tapahtuu uimahallin sis\u00e4\u00e4nk\u00e4ynnin vierest\u00e4 katutasolta.<\/li>\n<li>Kuntosali on avoinna joka p\u00e4iv\u00e4 kello 06 \u2013 22.<\/li>\n<li>Lis\u00e4tietoja:<br \/>\nPuh: 044 519 6698<br \/>\nporlamminpyry@gmail.com<\/li>\n<\/ul>\n<p><strong>L\u00e4mpim\u00e4sti tervetuloa!<\/strong><\/p>\n<p><strong>t. <a href=\"https:\/\/www.porlamminpyry.fi\/\">Porlammin Pyry<\/a><\/strong><\/p>\n<p><iframe loading=\"lazy\" style=\"border: 0;\" src=\"https:\/\/www.google.com\/maps\/embed?pb=!1m18!1m12!1m3!1d1953.6757807220588!2d26.027151316520712!3d60.681411682152145!2m3!1f0!2f0!3f0!3m2!1i1024!2i768!4f13.1!3m3!1m2!1s0x4691c1ea76bdc045%3A0x3db8c688b39b4ddf!2sKuntosali+Pamaus+Porlammi!5e0!3m2!1sfi!2sfi!4v1510505524886\" width=\"400\" height=\"300\" frameborder=\"0\" allowfullscreen=\"allowfullscreen\"><\/iframe><\/p>\n<p><em>Sivusto p\u00e4ivitetty: 21.5.2025<\/em><\/p>\n","protected":false},"excerpt":{"rendered":"<p>&nbsp; Kuntosalilta l\u00f6ytyy kattava valikoima laitteita kaiken tasoisille kuntoilijoille. Kaikille salin asiakkaille tarjotaan opastusta laitteiden k\u00e4ytt\u00f6\u00f6n. K\u00e4ynti kuntosalille tapahtuu jokaisen henkil\u00f6kohtaisella kulkukortilla. Kuntosalille voi ostaa k\u00e4yntikertoja tai kuukausikortteja t\u00e4m\u00e4n sivuston tilauslomakkeella, tekstiviestill\u00e4 tai soittamalla puh. 044 519 6698. Uusien asiakkaiden kanssa avaimen luovutus sovitaan aina tapauskohtaisesti. Vastaamme viestiisi viimeist\u00e4\u00e4n seuraavan arkip\u00e4iv\u00e4n aikana. Huomioithan, ett\u00e4 voit [&hellip;]<\/p>\n","protected":false},"author":1,"featured_media":9,"parent":0,"menu_order":0,"comment_status":"closed","ping_status":"closed","template":"","meta":{"ngg_post_thumbnail":0,"footnotes":""},"class_list":["post-2","page","type-page","status-publish","has-post-thumbnail","hentry"],"yoast_head":"<!-- This site is optimized with the Yoast SEO plugin v26.8 - https:\/\/yoast.com\/product\/yoast-seo-wordpress\/ -->\n<title>Tietoa salista | Kuntosali Pamaus Porlammi<\/title>\n<meta name=\"description\" content=\"Kuntosalilta l\u00f6ytyy kattavasti laitteita kaiken tasoisille kuntoilijoille. Kaikille tarjotaan opastusta laitteiden k\u00e4ytt\u00f6\u00f6n. Lis\u00e4tietoja yhteystiedoista.\" \/>\n<meta name=\"robots\" content=\"index, follow, max-snippet:-1, max-image-preview:large, max-video-preview:-1\" \/>\n<link rel=\"canonical\" href=\"https:\/\/www.porlamminpyry.fi\/pamaus\/\" \/>\n<meta property=\"og:locale\" content=\"fi_FI\" \/>\n<meta property=\"og:type\" content=\"article\" \/>\n<meta property=\"og:title\" content=\"Tietoa salista | Kuntosali Pamaus Porlammi\" \/>\n<meta property=\"og:description\" content=\"Kuntosalilta l\u00f6ytyy kattavasti laitteita kaiken tasoisille kuntoilijoille. Kaikille tarjotaan opastusta laitteiden k\u00e4ytt\u00f6\u00f6n. Lis\u00e4tietoja yhteystiedoista.\" \/>\n<meta property=\"og:url\" content=\"https:\/\/www.porlamminpyry.fi\/pamaus\/\" \/>\n<meta property=\"og:site_name\" content=\"Kuntosali Pamaus Porlammi\" \/>\n<meta property=\"article:publisher\" content=\"https:\/\/www.facebook.com\/KuntosaliPamaus\/\" \/>\n<meta property=\"article:modified_time\" content=\"2025-05-21T14:56:09+00:00\" \/>\n<meta property=\"og:image\" content=\"https:\/\/www.porlamminpyry.fi\/pamaus\/wp-content\/uploads\/2017\/11\/slider1-1.jpg\" \/>\n\t<meta property=\"og:image:width\" content=\"1420\" \/>\n\t<meta property=\"og:image:height\" content=\"567\" \/>\n\t<meta property=\"og:image:type\" content=\"image\/jpeg\" \/>\n<meta name=\"twitter:card\" content=\"summary_large_image\" \/>\n<meta name=\"twitter:label1\" content=\"Arvioitu lukuaika\" \/>\n\t<meta name=\"twitter:data1\" content=\"2 minuuttia\" \/>\n<script type=\"application\/ld+json\" class=\"yoast-schema-graph\">{\"@context\":\"https:\/\/schema.org\",\"@graph\":[{\"@type\":\"WebPage\",\"@id\":\"https:\/\/www.porlamminpyry.fi\/pamaus\/\",\"url\":\"https:\/\/www.porlamminpyry.fi\/pamaus\/\",\"name\":\"Tietoa salista | Kuntosali Pamaus Porlammi\",\"isPartOf\":{\"@id\":\"https:\/\/www.porlamminpyry.fi\/pamaus\/#website\"},\"primaryImageOfPage\":{\"@id\":\"https:\/\/www.porlamminpyry.fi\/pamaus\/#primaryimage\"},\"image\":{\"@id\":\"https:\/\/www.porlamminpyry.fi\/pamaus\/#primaryimage\"},\"thumbnailUrl\":\"https:\/\/www.porlamminpyry.fi\/pamaus\/wp-content\/uploads\/2017\/11\/slider1-1.jpg\",\"datePublished\":\"2017-11-11T16:11:51+00:00\",\"dateModified\":\"2025-05-21T14:56:09+00:00\",\"description\":\"Kuntosalilta l\u00f6ytyy kattavasti laitteita kaiken tasoisille kuntoilijoille. Kaikille tarjotaan opastusta laitteiden k\u00e4ytt\u00f6\u00f6n. Lis\u00e4tietoja yhteystiedoista.\",\"breadcrumb\":{\"@id\":\"https:\/\/www.porlamminpyry.fi\/pamaus\/#breadcrumb\"},\"inLanguage\":\"fi\",\"potentialAction\":[{\"@type\":\"ReadAction\",\"target\":[\"https:\/\/www.porlamminpyry.fi\/pamaus\/\"]}]},{\"@type\":\"ImageObject\",\"inLanguage\":\"fi\",\"@id\":\"https:\/\/www.porlamminpyry.fi\/pamaus\/#primaryimage\",\"url\":\"https:\/\/www.porlamminpyry.fi\/pamaus\/wp-content\/uploads\/2017\/11\/slider1-1.jpg\",\"contentUrl\":\"https:\/\/www.porlamminpyry.fi\/pamaus\/wp-content\/uploads\/2017\/11\/slider1-1.jpg\",\"width\":1420,\"height\":567},{\"@type\":\"BreadcrumbList\",\"@id\":\"https:\/\/www.porlamminpyry.fi\/pamaus\/#breadcrumb\",\"itemListElement\":[{\"@type\":\"ListItem\",\"position\":1,\"name\":\"Home\",\"item\":\"https:\/\/www.porlamminpyry.fi\/pamaus\/\"},{\"@type\":\"ListItem\",\"position\":2,\"name\":\"Tietoa salista\"}]},{\"@type\":\"WebSite\",\"@id\":\"https:\/\/www.porlamminpyry.fi\/pamaus\/#website\",\"url\":\"https:\/\/www.porlamminpyry.fi\/pamaus\/\",\"name\":\"Kuntosali Pamaus Porlammi\",\"description\":\"Liike on l&auml;&auml;ke.\",\"publisher\":{\"@id\":\"https:\/\/www.porlamminpyry.fi\/pamaus\/#organization\"},\"potentialAction\":[{\"@type\":\"SearchAction\",\"target\":{\"@type\":\"EntryPoint\",\"urlTemplate\":\"https:\/\/www.porlamminpyry.fi\/pamaus\/?s={search_term_string}\"},\"query-input\":{\"@type\":\"PropertyValueSpecification\",\"valueRequired\":true,\"valueName\":\"search_term_string\"}}],\"inLanguage\":\"fi\"},{\"@type\":\"Organization\",\"@id\":\"https:\/\/www.porlamminpyry.fi\/pamaus\/#organization\",\"name\":\"Kuntosali Porlammin Pamaus\",\"alternateName\":\"Pamaus\",\"url\":\"https:\/\/www.porlamminpyry.fi\/pamaus\/\",\"logo\":{\"@type\":\"ImageObject\",\"inLanguage\":\"fi\",\"@id\":\"https:\/\/www.porlamminpyry.fi\/pamaus\/#\/schema\/logo\/image\/\",\"url\":\"https:\/\/www.porlamminpyry.fi\/pamaus\/wp-content\/uploads\/2017\/11\/kuntosalipamauspor_nega.jpg\",\"contentUrl\":\"https:\/\/www.porlamminpyry.fi\/pamaus\/wp-content\/uploads\/2017\/11\/kuntosalipamauspor_nega.jpg\",\"width\":2048,\"height\":1448,\"caption\":\"Kuntosali Porlammin Pamaus\"},\"image\":{\"@id\":\"https:\/\/www.porlamminpyry.fi\/pamaus\/#\/schema\/logo\/image\/\"},\"sameAs\":[\"https:\/\/www.facebook.com\/KuntosaliPamaus\/\"]}]}<\/script>\n<!-- \/ Yoast SEO plugin. -->","yoast_head_json":{"title":"Tietoa salista | Kuntosali Pamaus Porlammi","description":"Kuntosalilta l\u00f6ytyy kattavasti laitteita kaiken tasoisille kuntoilijoille. Kaikille tarjotaan opastusta laitteiden k\u00e4ytt\u00f6\u00f6n. Lis\u00e4tietoja yhteystiedoista.","robots":{"index":"index","follow":"follow","max-snippet":"max-snippet:-1","max-image-preview":"max-image-preview:large","max-video-preview":"max-video-preview:-1"},"canonical":"https:\/\/www.porlamminpyry.fi\/pamaus\/","og_locale":"fi_FI","og_type":"article","og_title":"Tietoa salista | Kuntosali Pamaus Porlammi","og_description":"Kuntosalilta l\u00f6ytyy kattavasti laitteita kaiken tasoisille kuntoilijoille. Kaikille tarjotaan opastusta laitteiden k\u00e4ytt\u00f6\u00f6n. Lis\u00e4tietoja yhteystiedoista.","og_url":"https:\/\/www.porlamminpyry.fi\/pamaus\/","og_site_name":"Kuntosali Pamaus Porlammi","article_publisher":"https:\/\/www.facebook.com\/KuntosaliPamaus\/","article_modified_time":"2025-05-21T14:56:09+00:00","og_image":[{"width":1420,"height":567,"url":"https:\/\/www.porlamminpyry.fi\/pamaus\/wp-content\/uploads\/2017\/11\/slider1-1.jpg","type":"image\/jpeg"}],"twitter_card":"summary_large_image","twitter_misc":{"Arvioitu lukuaika":"2 minuuttia"},"schema":{"@context":"https:\/\/schema.org","@graph":[{"@type":"WebPage","@id":"https:\/\/www.porlamminpyry.fi\/pamaus\/","url":"https:\/\/www.porlamminpyry.fi\/pamaus\/","name":"Tietoa salista | Kuntosali Pamaus Porlammi","isPartOf":{"@id":"https:\/\/www.porlamminpyry.fi\/pamaus\/#website"},"primaryImageOfPage":{"@id":"https:\/\/www.porlamminpyry.fi\/pamaus\/#primaryimage"},"image":{"@id":"https:\/\/www.porlamminpyry.fi\/pamaus\/#primaryimage"},"thumbnailUrl":"https:\/\/www.porlamminpyry.fi\/pamaus\/wp-content\/uploads\/2017\/11\/slider1-1.jpg","datePublished":"2017-11-11T16:11:51+00:00","dateModified":"2025-05-21T14:56:09+00:00","description":"Kuntosalilta l\u00f6ytyy kattavasti laitteita kaiken tasoisille kuntoilijoille. Kaikille tarjotaan opastusta laitteiden k\u00e4ytt\u00f6\u00f6n. Lis\u00e4tietoja yhteystiedoista.","breadcrumb":{"@id":"https:\/\/www.porlamminpyry.fi\/pamaus\/#breadcrumb"},"inLanguage":"fi","potentialAction":[{"@type":"ReadAction","target":["https:\/\/www.porlamminpyry.fi\/pamaus\/"]}]},{"@type":"ImageObject","inLanguage":"fi","@id":"https:\/\/www.porlamminpyry.fi\/pamaus\/#primaryimage","url":"https:\/\/www.porlamminpyry.fi\/pamaus\/wp-content\/uploads\/2017\/11\/slider1-1.jpg","contentUrl":"https:\/\/www.porlamminpyry.fi\/pamaus\/wp-content\/uploads\/2017\/11\/slider1-1.jpg","width":1420,"height":567},{"@type":"BreadcrumbList","@id":"https:\/\/www.porlamminpyry.fi\/pamaus\/#breadcrumb","itemListElement":[{"@type":"ListItem","position":1,"name":"Home","item":"https:\/\/www.porlamminpyry.fi\/pamaus\/"},{"@type":"ListItem","position":2,"name":"Tietoa salista"}]},{"@type":"WebSite","@id":"https:\/\/www.porlamminpyry.fi\/pamaus\/#website","url":"https:\/\/www.porlamminpyry.fi\/pamaus\/","name":"Kuntosali Pamaus Porlammi","description":"Liike on l&auml;&auml;ke.","publisher":{"@id":"https:\/\/www.porlamminpyry.fi\/pamaus\/#organization"},"potentialAction":[{"@type":"SearchAction","target":{"@type":"EntryPoint","urlTemplate":"https:\/\/www.porlamminpyry.fi\/pamaus\/?s={search_term_string}"},"query-input":{"@type":"PropertyValueSpecification","valueRequired":true,"valueName":"search_term_string"}}],"inLanguage":"fi"},{"@type":"Organization","@id":"https:\/\/www.porlamminpyry.fi\/pamaus\/#organization","name":"Kuntosali Porlammin Pamaus","alternateName":"Pamaus","url":"https:\/\/www.porlamminpyry.fi\/pamaus\/","logo":{"@type":"ImageObject","inLanguage":"fi","@id":"https:\/\/www.porlamminpyry.fi\/pamaus\/#\/schema\/logo\/image\/","url":"https:\/\/www.porlamminpyry.fi\/pamaus\/wp-content\/uploads\/2017\/11\/kuntosalipamauspor_nega.jpg","contentUrl":"https:\/\/www.porlamminpyry.fi\/pamaus\/wp-content\/uploads\/2017\/11\/kuntosalipamauspor_nega.jpg","width":2048,"height":1448,"caption":"Kuntosali Porlammin Pamaus"},"image":{"@id":"https:\/\/www.porlamminpyry.fi\/pamaus\/#\/schema\/logo\/image\/"},"sameAs":["https:\/\/www.facebook.com\/KuntosaliPamaus\/"]}]}},"_links":{"self":[{"href":"https:\/\/www.porlamminpyry.fi\/pamaus\/wp-json\/wp\/v2\/pages\/2","targetHints":{"allow":["GET"]}}],"collection":[{"href":"https:\/\/www.porlamminpyry.fi\/pamaus\/wp-json\/wp\/v2\/pages"}],"about":[{"href":"https:\/\/www.porlamminpyry.fi\/pamaus\/wp-json\/wp\/v2\/types\/page"}],"author":[{"embeddable":true,"href":"https:\/\/www.porlamminpyry.fi\/pamaus\/wp-json\/wp\/v2\/users\/1"}],"replies":[{"embeddable":true,"href":"https:\/\/www.porlamminpyry.fi\/pamaus\/wp-json\/wp\/v2\/comments?post=2"}],"version-history":[{"count":24,"href":"https:\/\/www.porlamminpyry.fi\/pamaus\/wp-json\/wp\/v2\/pages\/2\/revisions"}],"predecessor-version":[{"id":187,"href":"https:\/\/www.porlamminpyry.fi\/pamaus\/wp-json\/wp\/v2\/pages\/2\/revisions\/187"}],"wp:featuredmedia":[{"embeddable":true,"href":"https:\/\/www.porlamminpyry.fi\/pamaus\/wp-json\/wp\/v2\/media\/9"}],"wp:attachment":[{"href":"https:\/\/www.porlamminpyry.fi\/pamaus\/wp-json\/wp\/v2\/media?parent=2"}],"curies":[{"name":"wp","href":"https:\/\/api.w.org\/{rel}","templated":true}]}}